{"id":136,"date":"2017-01-30T03:39:36","date_gmt":"2017-01-30T03:39:36","guid":{"rendered":"https:\/\/demo.themegrill.com\/flash-construction-2\/?page_id=8"},"modified":"2021-03-31T15:46:03","modified_gmt":"2021-03-31T13:46:03","slug":"about-2","status":"publish","type":"page","link":"https:\/\/kevin-groesslein.de\/?page_id=136","title":{"rendered":"\u00dcber Uns"},"content":{"rendered":"<div id=\"pl-136\"  class=\"panel-layout\" ><div id=\"pg-136-0\"  class=\"panel-grid panel-has-style\" ><div class=\"so-parallax siteorigin-panels-stretch panel-row-style panel-row-style-for-136-0\" data-stretch-type=\"full\" ><div id=\"pgc-136-0-0\"  class=\"panel-grid-cell\" ><div id=\"panel-136-0-0-0\" class=\"so-panel widget widget_siteorigin-panels-builder panel-first-child panel-last-child\" data-index=\"0\" ><div id=\"pl-w60647d07dd0f7\"  class=\"panel-layout\" ><div id=\"pg-w60647d07dd0f7-0\"  class=\"panel-grid panel-no-style\" ><div id=\"pgc-w60647d07dd0f7-0-0\"  class=\"panel-grid-cell\" ><div id=\"panel-w60647d07dd0f7-0-0-0\" class=\"so-panel widget widget_text panel-first-child panel-last-child\" data-index=\"0\" ><h3 class=\"widget-title\">Kevin Gr\u00f6\u00dflein &#8211; Arbeiten rund um\u00b4s Haus<\/h3>\t\t\t<div class=\"textwidget\"><p>Vertrauen Sie auf unsere Erfahrungen aus 7 Jahren Abbruch, Erdarbeiten und Au\u00dfenanlagen<\/p>\n<\/div>\n\t\t<\/div><\/div><\/div><div id=\"pg-w60647d07dd0f7-1\"  class=\"panel-grid panel-no-style\" ><div id=\"pgc-w60647d07dd0f7-1-0\"  class=\"panel-grid-cell\" ><div id=\"panel-w60647d07dd0f7-1-0-0\" class=\"so-panel widget panel-first-child panel-last-child\" data-index=\"1\" ><\/div><\/div><div id=\"pgc-w60647d07dd0f7-1-1\"  class=\"panel-grid-cell\" ><div id=\"panel-w60647d07dd0f7-1-1-0\" class=\"so-panel widget panel-first-child\" data-index=\"2\" ><\/div><div id=\"panel-w60647d07dd0f7-1-1-1\" class=\"so-panel widget panel-last-child\" data-index=\"3\" ><div class=\"panel-widget-style panel-widget-style-for-w60647d07dd0f7-1-1-1\" ><\/div><\/div><\/div><\/div><div id=\"pg-w60647d07dd0f7-2\"  class=\"panel-grid panel-has-style\" ><div class=\"panel-row-style panel-row-style-for-w60647d07dd0f7-2\" ><div id=\"pgc-w60647d07dd0f7-2-0\"  class=\"panel-grid-cell\" ><div id=\"panel-w60647d07dd0f7-2-0-0\" class=\"so-panel widget widget_text panel-first-child panel-last-child\" data-index=\"4\" >\t\t\t<div class=\"textwidget\"><p>Das Unternehmen f\u00fcr Abbruch -, Erd -, Bagger - und Pflaster -Arbeiten hat sein Lager in der ehemaligen Kaserne in 97941 Tauberbischofsheim<\/p>\nHier k\u00f6nnen wir Material wie z.b Abgetragene Muttererde, Schotter, Split, Muschelkalk und Natursteine von und f\u00fcr Kunden zwischenlagern und durch unseren eigenen Fuhrpark auch Problemlos transportieren.\n<\/div>\n\t\t<\/div><\/div><\/div><\/div><div id=\"pg-w60647d07dd0f7-3\"  class=\"panel-grid panel-no-style\" ><div id=\"pgc-w60647d07dd0f7-3-0\"  class=\"panel-grid-cell\" ><div id=\"panel-w60647d07dd0f7-3-0-0\" class=\"so-panel widget panel-first-child panel-last-child\" data-index=\"5\" ><\/div><\/div><div id=\"pgc-w60647d07dd0f7-3-1\"  class=\"panel-grid-cell\" ><div id=\"panel-w60647d07dd0f7-3-1-0\" class=\"so-panel widget panel-first-child panel-last-child\" data-index=\"6\" ><\/div><\/div><\/div><div id=\"pg-w60647d07dd0f7-4\"  class=\"panel-grid panel-no-style\" ><div id=\"pgc-w60647d07dd0f7-4-0\"  class=\"panel-grid-cell panel-grid-cell-empty\" ><\/div><\/div><div id=\"pg-w60647d07dd0f7-5\"  class=\"panel-grid panel-no-style\" ><div id=\"pgc-w60647d07dd0f7-5-0\"  class=\"panel-grid-cell panel-grid-cell-empty\" ><\/div><div id=\"pgc-w60647d07dd0f7-5-1\"  class=\"panel-grid-cell panel-grid-cell-empty panel-grid-cell-mobile-last\" ><\/div><div id=\"pgc-w60647d07dd0f7-5-2\"  class=\"panel-grid-cell panel-grid-cell-empty\" ><\/div><\/div><\/div><\/div><\/div><\/div><\/div><\/div>","protected":false},"excerpt":{"rendered":"<p>Kevin Gr\u00f6\u00dflein &#8211; Arbeiten rund um\u00b4s Haus Vertrauen Sie auf unsere Erfahrungen aus 7 Jahren Abbruch, Erdarbeiten und Au\u00dfenanlagen Das Unternehmen f\u00fcr Abbruch -, Erd -, Bagger &#8211; und Pflaster -Arbeiten hat sein Lager in der ehemaligen Kaserne in 97941 Tauberbischofsheim Hier k\u00f6nnen wir Material wie z.b Abgetragene Muttererde, Schotter, Split, Muschelkalk und Natursteine von<\/p><\/div>\n<div class=\"blog-btn\"><a href=\"https:\/\/kevin-groesslein.de\/?page_id=136\" class=\"home-blog-btn\">Weiterlesen<\/a><\/p>\n","protected":false},"author":1,"featured_media":0,"parent":0,"menu_order":0,"comment_status":"closed","ping_status":"closed","template":"","meta":{"footnotes":""},"class_list":["post-136","page","type-page","status-publish","hentry"],"yoast_head":"<!-- This site is optimized with the Yoast SEO plugin v27.4 - https:\/\/yoast.com\/product\/yoast-seo-wordpress\/ -->\n<title>\u00dcber Uns - Kevin Gr\u00f6\u00dflein<\/title>\n<meta name=\"robots\" content=\"index, follow, max-snippet:-1, max-image-preview:large, max-video-preview:-1\" \/>\n<link rel=\"canonical\" href=\"https:\/\/kevin-groesslein.de\/?page_id=136\" \/>\n<meta property=\"og:locale\" content=\"de_DE\" \/>\n<meta property=\"og:type\" content=\"article\" \/>\n<meta property=\"og:title\" content=\"\u00dcber Uns - Kevin Gr\u00f6\u00dflein\" \/>\n<meta property=\"og:description\" content=\"Kevin Gr\u00f6\u00dflein &#8211; Arbeiten rund um\u00b4s Haus Vertrauen Sie auf unsere Erfahrungen aus 7 Jahren Abbruch, Erdarbeiten und Au\u00dfenanlagen Das Unternehmen f\u00fcr Abbruch -, Erd -, Bagger - und Pflaster -Arbeiten hat sein Lager in der ehemaligen Kaserne in 97941 Tauberbischofsheim Hier k\u00f6nnen wir Material wie z.b Abgetragene Muttererde, Schotter, Split, Muschelkalk und Natursteine vonWeiterlesen\" \/>\n<meta property=\"og:url\" content=\"https:\/\/kevin-groesslein.de\/?page_id=136\" \/>\n<meta property=\"og:site_name\" content=\"Kevin Gr\u00f6\u00dflein\" \/>\n<meta property=\"article:publisher\" content=\"https:\/\/www.facebook.com\/Garten-Landschaftsgestaltung-Gr%c3%b6%c3%9flein-Kevin-1528109840785583\" \/>\n<meta property=\"article:modified_time\" content=\"2021-03-31T13:46:03+00:00\" \/>\n<meta name=\"twitter:card\" content=\"summary_large_image\" \/>\n<meta name=\"twitter:label1\" content=\"Gesch\u00e4tzte Lesezeit\" \/>\n\t<meta name=\"twitter:data1\" content=\"1\u00a0Minute\" \/>\n<script type=\"application\/ld+json\" class=\"yoast-schema-graph\">{\"@context\":\"https:\\\/\\\/schema.org\",\"@graph\":[{\"@type\":\"WebPage\",\"@id\":\"https:\\\/\\\/kevin-groesslein.de\\\/?page_id=136\",\"url\":\"https:\\\/\\\/kevin-groesslein.de\\\/?page_id=136\",\"name\":\"\u00dcber Uns - Kevin Gr\u00f6\u00dflein\",\"isPartOf\":{\"@id\":\"https:\\\/\\\/kevin-groesslein.de\\\/#website\"},\"datePublished\":\"2017-01-30T03:39:36+00:00\",\"dateModified\":\"2021-03-31T13:46:03+00:00\",\"breadcrumb\":{\"@id\":\"https:\\\/\\\/kevin-groesslein.de\\\/?page_id=136#breadcrumb\"},\"inLanguage\":\"de\",\"potentialAction\":[{\"@type\":\"ReadAction\",\"target\":[\"https:\\\/\\\/kevin-groesslein.de\\\/?page_id=136\"]}]},{\"@type\":\"BreadcrumbList\",\"@id\":\"https:\\\/\\\/kevin-groesslein.de\\\/?page_id=136#breadcrumb\",\"itemListElement\":[{\"@type\":\"ListItem\",\"position\":1,\"name\":\"Startseite\",\"item\":\"https:\\\/\\\/kevin-groesslein.de\\\/\"},{\"@type\":\"ListItem\",\"position\":2,\"name\":\"\u00dcber Uns\"}]},{\"@type\":\"WebSite\",\"@id\":\"https:\\\/\\\/kevin-groesslein.de\\\/#website\",\"url\":\"https:\\\/\\\/kevin-groesslein.de\\\/\",\"name\":\"Kevin Gr\u00f6\u00dflein\",\"description\":\"Arbeiten rund um\u00b4s Haus\",\"publisher\":{\"@id\":\"https:\\\/\\\/kevin-groesslein.de\\\/#organization\"},\"potentialAction\":[{\"@type\":\"SearchAction\",\"target\":{\"@type\":\"EntryPoint\",\"urlTemplate\":\"https:\\\/\\\/kevin-groesslein.de\\\/?s={search_term_string}\"},\"query-input\":{\"@type\":\"PropertyValueSpecification\",\"valueRequired\":true,\"valueName\":\"search_term_string\"}}],\"inLanguage\":\"de\"},{\"@type\":\"Organization\",\"@id\":\"https:\\\/\\\/kevin-groesslein.de\\\/#organization\",\"name\":\"Kevin Gr\u00f6\u00dflein Arbeiten rund um\u00b4s Haus\",\"url\":\"https:\\\/\\\/kevin-groesslein.de\\\/\",\"logo\":{\"@type\":\"ImageObject\",\"inLanguage\":\"de\",\"@id\":\"https:\\\/\\\/kevin-groesslein.de\\\/#\\\/schema\\\/logo\\\/image\\\/\",\"url\":\"https:\\\/\\\/kevin-groesslein.de\\\/wp-content\\\/uploads\\\/2021\\\/02\\\/cropped-Logo-gross-dunkel.png\",\"contentUrl\":\"https:\\\/\\\/kevin-groesslein.de\\\/wp-content\\\/uploads\\\/2021\\\/02\\\/cropped-Logo-gross-dunkel.png\",\"width\":210,\"height\":101,\"caption\":\"Kevin Gr\u00f6\u00dflein Arbeiten rund um\u00b4s Haus\"},\"image\":{\"@id\":\"https:\\\/\\\/kevin-groesslein.de\\\/#\\\/schema\\\/logo\\\/image\\\/\"},\"sameAs\":[\"https:\\\/\\\/www.facebook.com\\\/Garten-Landschaftsgestaltung-Gr\u00f6\u00dflein-Kevin-1528109840785583\",\"https:\\\/\\\/www.instagram.com\\\/kevin_groesslein\\\/channel\\\/\",\"https:\\\/\\\/www.youtube.com\\\/channel\\\/UCaTuN-9q5rcVYwpDiwxFQ3w\"]}]}<\/script>\n<!-- \/ Yoast SEO plugin. -->","yoast_head_json":{"title":"\u00dcber Uns - Kevin Gr\u00f6\u00dflein","robots":{"index":"index","follow":"follow","max-snippet":"max-snippet:-1","max-image-preview":"max-image-preview:large","max-video-preview":"max-video-preview:-1"},"canonical":"https:\/\/kevin-groesslein.de\/?page_id=136","og_locale":"de_DE","og_type":"article","og_title":"\u00dcber Uns - Kevin Gr\u00f6\u00dflein","og_description":"Kevin Gr\u00f6\u00dflein &#8211; Arbeiten rund um\u00b4s Haus Vertrauen Sie auf unsere Erfahrungen aus 7 Jahren Abbruch, Erdarbeiten und Au\u00dfenanlagen Das Unternehmen f\u00fcr Abbruch -, Erd -, Bagger - und Pflaster -Arbeiten hat sein Lager in der ehemaligen Kaserne in 97941 Tauberbischofsheim Hier k\u00f6nnen wir Material wie z.b Abgetragene Muttererde, Schotter, Split, Muschelkalk und Natursteine vonWeiterlesen","og_url":"https:\/\/kevin-groesslein.de\/?page_id=136","og_site_name":"Kevin Gr\u00f6\u00dflein","article_publisher":"https:\/\/www.facebook.com\/Garten-Landschaftsgestaltung-Gr%c3%b6%c3%9flein-Kevin-1528109840785583","article_modified_time":"2021-03-31T13:46:03+00:00","twitter_card":"summary_large_image","twitter_misc":{"Gesch\u00e4tzte Lesezeit":"1\u00a0Minute"},"schema":{"@context":"https:\/\/schema.org","@graph":[{"@type":"WebPage","@id":"https:\/\/kevin-groesslein.de\/?page_id=136","url":"https:\/\/kevin-groesslein.de\/?page_id=136","name":"\u00dcber Uns - Kevin Gr\u00f6\u00dflein","isPartOf":{"@id":"https:\/\/kevin-groesslein.de\/#website"},"datePublished":"2017-01-30T03:39:36+00:00","dateModified":"2021-03-31T13:46:03+00:00","breadcrumb":{"@id":"https:\/\/kevin-groesslein.de\/?page_id=136#breadcrumb"},"inLanguage":"de","potentialAction":[{"@type":"ReadAction","target":["https:\/\/kevin-groesslein.de\/?page_id=136"]}]},{"@type":"BreadcrumbList","@id":"https:\/\/kevin-groesslein.de\/?page_id=136#breadcrumb","itemListElement":[{"@type":"ListItem","position":1,"name":"Startseite","item":"https:\/\/kevin-groesslein.de\/"},{"@type":"ListItem","position":2,"name":"\u00dcber Uns"}]},{"@type":"WebSite","@id":"https:\/\/kevin-groesslein.de\/#website","url":"https:\/\/kevin-groesslein.de\/","name":"Kevin Gr\u00f6\u00dflein","description":"Arbeiten rund um\u00b4s Haus","publisher":{"@id":"https:\/\/kevin-groesslein.de\/#organization"},"potentialAction":[{"@type":"SearchAction","target":{"@type":"EntryPoint","urlTemplate":"https:\/\/kevin-groesslein.de\/?s={search_term_string}"},"query-input":{"@type":"PropertyValueSpecification","valueRequired":true,"valueName":"search_term_string"}}],"inLanguage":"de"},{"@type":"Organization","@id":"https:\/\/kevin-groesslein.de\/#organization","name":"Kevin Gr\u00f6\u00dflein Arbeiten rund um\u00b4s Haus","url":"https:\/\/kevin-groesslein.de\/","logo":{"@type":"ImageObject","inLanguage":"de","@id":"https:\/\/kevin-groesslein.de\/#\/schema\/logo\/image\/","url":"https:\/\/kevin-groesslein.de\/wp-content\/uploads\/2021\/02\/cropped-Logo-gross-dunkel.png","contentUrl":"https:\/\/kevin-groesslein.de\/wp-content\/uploads\/2021\/02\/cropped-Logo-gross-dunkel.png","width":210,"height":101,"caption":"Kevin Gr\u00f6\u00dflein Arbeiten rund um\u00b4s Haus"},"image":{"@id":"https:\/\/kevin-groesslein.de\/#\/schema\/logo\/image\/"},"sameAs":["https:\/\/www.facebook.com\/Garten-Landschaftsgestaltung-Gr\u00f6\u00dflein-Kevin-1528109840785583","https:\/\/www.instagram.com\/kevin_groesslein\/channel\/","https:\/\/www.youtube.com\/channel\/UCaTuN-9q5rcVYwpDiwxFQ3w"]}]}},"_links":{"self":[{"href":"https:\/\/kevin-groesslein.de\/index.php?rest_route=\/wp\/v2\/pages\/136","targetHints":{"allow":["GET"]}}],"collection":[{"href":"https:\/\/kevin-groesslein.de\/index.php?rest_route=\/wp\/v2\/pages"}],"about":[{"href":"https:\/\/kevin-groesslein.de\/index.php?rest_route=\/wp\/v2\/types\/page"}],"author":[{"embeddable":true,"href":"https:\/\/kevin-groesslein.de\/index.php?rest_route=\/wp\/v2\/users\/1"}],"replies":[{"embeddable":true,"href":"https:\/\/kevin-groesslein.de\/index.php?rest_route=%2Fwp%2Fv2%2Fcomments&post=136"}],"version-history":[{"count":11,"href":"https:\/\/kevin-groesslein.de\/index.php?rest_route=\/wp\/v2\/pages\/136\/revisions"}],"predecessor-version":[{"id":444,"href":"https:\/\/kevin-groesslein.de\/index.php?rest_route=\/wp\/v2\/pages\/136\/revisions\/444"}],"wp:attachment":[{"href":"https:\/\/kevin-groesslein.de\/index.php?rest_route=%2Fwp%2Fv2%2Fmedia&parent=136"}],"curies":[{"name":"wp","href":"https:\/\/api.w.org\/{rel}","templated":true}]}}